{"id":480,"date":"2023-02-17T08:56:53","date_gmt":"2023-02-17T07:56:53","guid":{"rendered":"https:\/\/sl-hotel.de\/impressum\/"},"modified":"2023-03-16T09:42:44","modified_gmt":"2023-03-16T08:42:44","slug":"imprint","status":"publish","type":"page","link":"https:\/\/sl-hotel.de\/en\/imprint\/","title":{"rendered":"Imprint"},"content":{"rendered":"<p>[vc_row][vc_column][vc_empty_space height=&#8221;52px&#8221;]<h3 class=\"sohohotel-title-28px sohohotel-clearfix sohohotel-title-left\">Site Notice<\/h3>[vc_column_text]<strong>Information pursuant to Sect. 5 German Telemedia Act (TMG)<\/strong><\/p>\n<p>Seralux GmbH<br \/>\nFeringastr. 13<br \/>\nD-85774 M\u00fcnchen-Unterf\u00f6hring<\/p>\n<p>Commercial Register: HRB 165168<br \/>\nRegistration court: Amtsgericht M\u00fcnchen<\/p>\n<p><strong>Represented by:<br \/>\n<\/strong>Gesch\u00e4ftsf\u00fchrer Dipl.-Kfm. Salah Atamna<\/p>\n<p><strong>Contact<br \/>\n<\/strong>Phone: +49(0)89 927 926 \u2013 55<br \/>\nTelefax: +49(0)89 927 926 \u2013 57<br \/>\nE-mail: Info@SL-Hotel.de<\/p>\n<p><strong>Postal address<br \/>\n<\/strong>SL Hotel<br \/>\nSonnenfeldweg 22<br \/>\n83707 Bad Wiessee<\/p>\n<p><strong>VAT ID<br \/>\n<\/strong>Sales tax identification number according to Sect. 27 a of the Sales Tax Law:<br \/>\nDE 252256196<\/p>\n<p><strong>EU dispute resolution<br \/>\n<\/strong>The European Commission provides a platform for online dispute resolution (ODR): <a href=\"https:\/\/ec.europa.eu\/consumers\/odr\/\" target=\"_blank\" rel=\"noopener noreferrer\">https:\/\/ec.europa.eu\/consumers\/odr\/<\/a>.<br \/>\nOur e-mail address can be found above in the site notice.<\/p>\n<p><strong>Dispute resolution proceedings in front of a consumer arbitration board<br \/>\n<\/strong>We are not willing or obliged to participate in dispute resolution proceedings in front of a consumer arbitration board.<\/p>\n<p><strong>Photography \/ Images<\/strong><br \/>\n<a href=\"https:\/\/klaushommer.com\/\" target=\"_blank\" rel=\"noopener\">KGH Photography | Klaus Hommer<\/a><\/p>\n<p><strong>Website<\/strong><br \/>\n<a href=\"https:\/\/ankehommer.com\/\" target=\"_blank\" rel=\"noopener\">Anke Hommer | Markenberatung<\/a>[\/vc_column_text][\/vc_column][\/vc_row]<\/p>\n","protected":false},"excerpt":{"rendered":"<p>[vc_row][vc_column][vc_empty_space height=&#8221;52px&#8221;][vc_column_text]Information pursuant to Sect. 5 German Telemedia Act (TMG) Seralux GmbH Feringastr. 13 D-85774 M\u00fcnchen-Unterf\u00f6hring Commercial Register: HRB 165168 Registration court: Amtsgericht M\u00fcnchen Represented by: Gesch\u00e4ftsf\u00fchrer Dipl.-Kfm. Salah Atamna Contact Phone: +49(0)89 927 926 \u2013 55 Telefax: +49(0)89 927 926 \u2013 57 E-mail: Info@SL-Hotel.de Postal address SL Hotel Sonnenfeldweg 22 83707 Bad Wiessee VAT<\/p>\n<a href=\"https:\/\/sl-hotel.de\/en\/imprint\/\" class=\"sohohotel-more-link\">Read More<\/a>","protected":false},"author":1,"featured_media":0,"parent":0,"menu_order":0,"comment_status":"closed","ping_status":"closed","template":"","meta":{"footnotes":""},"class_list":["post-480","page","type-page","status-publish","hentry"],"yoast_head":"<!-- This site is optimized with the Yoast SEO plugin v27.3 - https:\/\/yoast.com\/product\/yoast-seo-wordpress\/ -->\n<title>SL Hotel | Imprint<\/title>\n<meta name=\"robots\" content=\"index, follow, max-snippet:-1, max-image-preview:large, max-video-preview:-1\" \/>\n<link rel=\"canonical\" href=\"https:\/\/sl-hotel.de\/en\/imprint\/\" \/>\n<meta property=\"og:locale\" content=\"en_US\" \/>\n<meta property=\"og:type\" content=\"article\" \/>\n<meta property=\"og:title\" content=\"SL Hotel | Imprint\" \/>\n<meta property=\"og:description\" content=\"[vc_row][vc_column][vc_empty_space height=&#8221;52px&#8221;][vc_column_text]Information pursuant to Sect. 5 German Telemedia Act (TMG) Seralux GmbH Feringastr. 13 D-85774 M\u00fcnchen-Unterf\u00f6hring Commercial Register: HRB 165168 Registration court: Amtsgericht M\u00fcnchen Represented by: Gesch\u00e4ftsf\u00fchrer Dipl.-Kfm. Salah Atamna Contact Phone: +49(0)89 927 926 \u2013 55 Telefax: +49(0)89 927 926 \u2013 57 E-mail: Info@SL-Hotel.de Postal address SL Hotel Sonnenfeldweg 22 83707 Bad Wiessee VAT\" \/>\n<meta property=\"og:url\" content=\"https:\/\/sl-hotel.de\/en\/imprint\/\" \/>\n<meta property=\"og:site_name\" content=\"SL Hotel\" \/>\n<meta property=\"article:modified_time\" content=\"2023-03-16T08:42:44+00:00\" \/>\n<meta name=\"twitter:card\" content=\"summary_large_image\" \/>\n<meta name=\"twitter:label1\" content=\"Est. reading time\" \/>\n\t<meta name=\"twitter:data1\" content=\"1 minute\" \/>\n<script type=\"application\/ld+json\" class=\"yoast-schema-graph\">{\"@context\":\"https:\\\/\\\/schema.org\",\"@graph\":[{\"@type\":\"WebPage\",\"@id\":\"https:\\\/\\\/sl-hotel.de\\\/en\\\/imprint\\\/\",\"url\":\"https:\\\/\\\/sl-hotel.de\\\/en\\\/imprint\\\/\",\"name\":\"SL Hotel | Imprint\",\"isPartOf\":{\"@id\":\"https:\\\/\\\/sl-hotel.de\\\/en\\\/#website\"},\"datePublished\":\"2023-02-17T07:56:53+00:00\",\"dateModified\":\"2023-03-16T08:42:44+00:00\",\"breadcrumb\":{\"@id\":\"https:\\\/\\\/sl-hotel.de\\\/en\\\/imprint\\\/#breadcrumb\"},\"inLanguage\":\"en-US\",\"potentialAction\":[{\"@type\":\"ReadAction\",\"target\":[\"https:\\\/\\\/sl-hotel.de\\\/en\\\/imprint\\\/\"]}]},{\"@type\":\"BreadcrumbList\",\"@id\":\"https:\\\/\\\/sl-hotel.de\\\/en\\\/imprint\\\/#breadcrumb\",\"itemListElement\":[{\"@type\":\"ListItem\",\"position\":1,\"name\":\"Startseite\",\"item\":\"https:\\\/\\\/sl-hotel.de\\\/en\\\/\"},{\"@type\":\"ListItem\",\"position\":2,\"name\":\"Imprint\"}]},{\"@type\":\"WebSite\",\"@id\":\"https:\\\/\\\/sl-hotel.de\\\/en\\\/#website\",\"url\":\"https:\\\/\\\/sl-hotel.de\\\/en\\\/\",\"name\":\"SL Hotel Bad Wiessee\",\"description\":\"Bavaria - Tegernsee\",\"publisher\":{\"@id\":\"https:\\\/\\\/sl-hotel.de\\\/en\\\/#organization\"},\"potentialAction\":[{\"@type\":\"SearchAction\",\"target\":{\"@type\":\"EntryPoint\",\"urlTemplate\":\"https:\\\/\\\/sl-hotel.de\\\/en\\\/?s={search_term_string}\"},\"query-input\":{\"@type\":\"PropertyValueSpecification\",\"valueRequired\":true,\"valueName\":\"search_term_string\"}}],\"inLanguage\":\"en-US\"},{\"@type\":\"Organization\",\"@id\":\"https:\\\/\\\/sl-hotel.de\\\/en\\\/#organization\",\"name\":\"SL Hotel Bad Wiessee\",\"alternateName\":\"SL Hotel\",\"url\":\"https:\\\/\\\/sl-hotel.de\\\/en\\\/\",\"logo\":{\"@type\":\"ImageObject\",\"inLanguage\":\"en-US\",\"@id\":\"https:\\\/\\\/sl-hotel.de\\\/en\\\/#\\\/schema\\\/logo\\\/image\\\/\",\"url\":\"https:\\\/\\\/sl-hotel.de\\\/wp-content\\\/uploads\\\/2023\\\/01\\\/Element-1.png\",\"contentUrl\":\"https:\\\/\\\/sl-hotel.de\\\/wp-content\\\/uploads\\\/2023\\\/01\\\/Element-1.png\",\"width\":812,\"height\":502,\"caption\":\"SL Hotel Bad Wiessee\"},\"image\":{\"@id\":\"https:\\\/\\\/sl-hotel.de\\\/en\\\/#\\\/schema\\\/logo\\\/image\\\/\"}}]}<\/script>\n<!-- \/ Yoast SEO plugin. -->","yoast_head_json":{"title":"SL Hotel | Imprint","robots":{"index":"index","follow":"follow","max-snippet":"max-snippet:-1","max-image-preview":"max-image-preview:large","max-video-preview":"max-video-preview:-1"},"canonical":"https:\/\/sl-hotel.de\/en\/imprint\/","og_locale":"en_US","og_type":"article","og_title":"SL Hotel | Imprint","og_description":"[vc_row][vc_column][vc_empty_space height=&#8221;52px&#8221;][vc_column_text]Information pursuant to Sect. 5 German Telemedia Act (TMG) Seralux GmbH Feringastr. 13 D-85774 M\u00fcnchen-Unterf\u00f6hring Commercial Register: HRB 165168 Registration court: Amtsgericht M\u00fcnchen Represented by: Gesch\u00e4ftsf\u00fchrer Dipl.-Kfm. Salah Atamna Contact Phone: +49(0)89 927 926 \u2013 55 Telefax: +49(0)89 927 926 \u2013 57 E-mail: Info@SL-Hotel.de Postal address SL Hotel Sonnenfeldweg 22 83707 Bad Wiessee VAT","og_url":"https:\/\/sl-hotel.de\/en\/imprint\/","og_site_name":"SL Hotel","article_modified_time":"2023-03-16T08:42:44+00:00","twitter_card":"summary_large_image","twitter_misc":{"Est. reading time":"1 minute"},"schema":{"@context":"https:\/\/schema.org","@graph":[{"@type":"WebPage","@id":"https:\/\/sl-hotel.de\/en\/imprint\/","url":"https:\/\/sl-hotel.de\/en\/imprint\/","name":"SL Hotel | Imprint","isPartOf":{"@id":"https:\/\/sl-hotel.de\/en\/#website"},"datePublished":"2023-02-17T07:56:53+00:00","dateModified":"2023-03-16T08:42:44+00:00","breadcrumb":{"@id":"https:\/\/sl-hotel.de\/en\/imprint\/#breadcrumb"},"inLanguage":"en-US","potentialAction":[{"@type":"ReadAction","target":["https:\/\/sl-hotel.de\/en\/imprint\/"]}]},{"@type":"BreadcrumbList","@id":"https:\/\/sl-hotel.de\/en\/imprint\/#breadcrumb","itemListElement":[{"@type":"ListItem","position":1,"name":"Startseite","item":"https:\/\/sl-hotel.de\/en\/"},{"@type":"ListItem","position":2,"name":"Imprint"}]},{"@type":"WebSite","@id":"https:\/\/sl-hotel.de\/en\/#website","url":"https:\/\/sl-hotel.de\/en\/","name":"SL Hotel Bad Wiessee","description":"Bavaria - Tegernsee","publisher":{"@id":"https:\/\/sl-hotel.de\/en\/#organization"},"potentialAction":[{"@type":"SearchAction","target":{"@type":"EntryPoint","urlTemplate":"https:\/\/sl-hotel.de\/en\/?s={search_term_string}"},"query-input":{"@type":"PropertyValueSpecification","valueRequired":true,"valueName":"search_term_string"}}],"inLanguage":"en-US"},{"@type":"Organization","@id":"https:\/\/sl-hotel.de\/en\/#organization","name":"SL Hotel Bad Wiessee","alternateName":"SL Hotel","url":"https:\/\/sl-hotel.de\/en\/","logo":{"@type":"ImageObject","inLanguage":"en-US","@id":"https:\/\/sl-hotel.de\/en\/#\/schema\/logo\/image\/","url":"https:\/\/sl-hotel.de\/wp-content\/uploads\/2023\/01\/Element-1.png","contentUrl":"https:\/\/sl-hotel.de\/wp-content\/uploads\/2023\/01\/Element-1.png","width":812,"height":502,"caption":"SL Hotel Bad Wiessee"},"image":{"@id":"https:\/\/sl-hotel.de\/en\/#\/schema\/logo\/image\/"}}]}},"_links":{"self":[{"href":"https:\/\/sl-hotel.de\/en\/wp-json\/wp\/v2\/pages\/480","targetHints":{"allow":["GET"]}}],"collection":[{"href":"https:\/\/sl-hotel.de\/en\/wp-json\/wp\/v2\/pages"}],"about":[{"href":"https:\/\/sl-hotel.de\/en\/wp-json\/wp\/v2\/types\/page"}],"author":[{"embeddable":true,"href":"https:\/\/sl-hotel.de\/en\/wp-json\/wp\/v2\/users\/1"}],"replies":[{"embeddable":true,"href":"https:\/\/sl-hotel.de\/en\/wp-json\/wp\/v2\/comments?post=480"}],"version-history":[{"count":0,"href":"https:\/\/sl-hotel.de\/en\/wp-json\/wp\/v2\/pages\/480\/revisions"}],"wp:attachment":[{"href":"https:\/\/sl-hotel.de\/en\/wp-json\/wp\/v2\/media?parent=480"}],"curies":[{"name":"wp","href":"https:\/\/api.w.org\/{rel}","templated":true}]}}